{"id":1049,"date":"2017-05-15T10:37:28","date_gmt":"2017-05-15T08:37:28","guid":{"rendered":"http:\/\/www.ville-eugenie-les-bains.fr\/elb\/?page_id=1049"},"modified":"2017-08-21T18:23:55","modified_gmt":"2017-08-21T16:23:55","slug":"eglise","status":"publish","type":"page","link":"https:\/\/www.ville-eugenie-les-bains.fr\/elb\/eglise\/","title":{"rendered":"Vie paroissiale"},"content":{"rendered":"<p>[et_pb_section bb_built=\u00a0\u00bb1&Prime; fullwidth=\u00a0\u00bbon\u00a0\u00bb specialty=\u00a0\u00bboff\u00a0\u00bb][et_pb_fullwidth_slider show_arrows=\u00a0\u00bbon\u00a0\u00bb show_pagination=\u00a0\u00bbon\u00a0\u00bb auto=\u00a0\u00bboff\u00a0\u00bb auto_ignore_hover=\u00a0\u00bboff\u00a0\u00bb parallax=\u00a0\u00bboff\u00a0\u00bb parallax_method=\u00a0\u00bboff\u00a0\u00bb remove_inner_shadow=\u00a0\u00bboff\u00a0\u00bb background_position=\u00a0\u00bbtop_left\u00a0\u00bb hide_content_on_mobile=\u00a0\u00bboff\u00a0\u00bb hide_cta_on_mobile=\u00a0\u00bboff\u00a0\u00bb show_image_video_mobile=\u00a0\u00bboff\u00a0\u00bb custom_button=\u00a0\u00bboff\u00a0\u00bb button_letter_spacing=\u00a0\u00bb0&Prime; button_icon_placement=\u00a0\u00bbright\u00a0\u00bb button_letter_spacing_hover=\u00a0\u00bb0&Prime; _builder_version=\u00a0\u00bb3.0.51&Prime;] [et_pb_slide background_image=\u00a0\u00bbhttp:\/\/www.ville-eugenie-les-bains.fr\/elb\/wp-content\/uploads\/2017\/05\/Bandeau-3.jpg\u00a0\u00bb background_position=\u00a0\u00bbbottom_center\u00a0\u00bb background_size=\u00a0\u00bbcover\u00a0\u00bb background_color=\u00a0\u00bb#ffffff\u00a0\u00bb use_bg_overlay=\u00a0\u00bboff\u00a0\u00bb use_text_overlay=\u00a0\u00bboff\u00a0\u00bb alignment=\u00a0\u00bbcenter\u00a0\u00bb background_layout=\u00a0\u00bbdark\u00a0\u00bb allow_player_pause=\u00a0\u00bboff\u00a0\u00bb text_border_radius=\u00a0\u00bb3&Prime; header_font_select=\u00a0\u00bbdefault\u00a0\u00bb header_font=\u00a0\u00bb||||\u00a0\u00bb body_font_select=\u00a0\u00bbdefault\u00a0\u00bb body_font=\u00a0\u00bb||||\u00a0\u00bb custom_button=\u00a0\u00bboff\u00a0\u00bb button_font_select=\u00a0\u00bbdefault\u00a0\u00bb button_font=\u00a0\u00bb||||\u00a0\u00bb button_use_icon=\u00a0\u00bbdefault\u00a0\u00bb button_icon_placement=\u00a0\u00bbright\u00a0\u00bb button_on_hover=\u00a0\u00bbon\u00a0\u00bb use_background_color_gradient=\u00a0\u00bboff\u00a0\u00bb background_color_gradient_start=\u00a0\u00bb#2b87da\u00a0\u00bb background_color_gradient_end=\u00a0\u00bb#29c4a9&Prime; background_color_gradient_type=\u00a0\u00bblinear\u00a0\u00bb background_color_gradient_direction=\u00a0\u00bb180deg\u00a0\u00bb background_color_gradient_direction_radial=\u00a0\u00bbcenter\u00a0\u00bb background_color_gradient_start_position=\u00a0\u00bb0%\u00a0\u00bb background_color_gradient_end_position=\u00a0\u00bb100%\u00a0\u00bb parallax=\u00a0\u00bboff\u00a0\u00bb parallax_method=\u00a0\u00bboff\u00a0\u00bb background_repeat=\u00a0\u00bbno-repeat\u00a0\u00bb background_blend=\u00a0\u00bbnormal\u00a0\u00bb \/] [\/et_pb_fullwidth_slider][\/et_pb_section][et_pb_section bb_built=\u00a0\u00bb1&Prime; admin_label=\u00a0\u00bbsection\u00a0\u00bb fullwidth=\u00a0\u00bboff\u00a0\u00bb specialty=\u00a0\u00bbon\u00a0\u00bb transparent_background=\u00a0\u00bboff\u00a0\u00bb background_color=\u00a0\u00bb#fafafa\u00a0\u00bb allow_player_pause=\u00a0\u00bboff\u00a0\u00bb inner_shadow=\u00a0\u00bboff\u00a0\u00bb parallax=\u00a0\u00bboff\u00a0\u00bb parallax_method=\u00a0\u00bbon\u00a0\u00bb make_fullwidth=\u00a0\u00bboff\u00a0\u00bb use_custom_width=\u00a0\u00bboff\u00a0\u00bb width_unit=\u00a0\u00bbon\u00a0\u00bb make_equal=\u00a0\u00bboff\u00a0\u00bb use_custom_gutter=\u00a0\u00bboff\u00a0\u00bb parallax_1=\u00a0\u00bboff\u00a0\u00bb parallax_method_1=\u00a0\u00bboff\u00a0\u00bb parallax_2=\u00a0\u00bboff\u00a0\u00bb parallax_method_2=\u00a0\u00bboff\u00a0\u00bb][et_pb_column type=\u00a0\u00bb3_4&Prime; specialty_columns=\u00a0\u00bb3&Prime;][et_pb_row_inner][et_pb_column_inner type=\u00a0\u00bb4_4&Prime; saved_specialty_column_type=\u00a0\u00bb3_4&Prime;][et_pb_text admin_label=\u00a0\u00bbText\u00a0\u00bb background_layout=\u00a0\u00bblight\u00a0\u00bb text_orientation=\u00a0\u00bbleft\u00a0\u00bb use_border_color=\u00a0\u00bboff\u00a0\u00bb border_color=\u00a0\u00bb#ffffff\u00a0\u00bb border_style=\u00a0\u00bbsolid\u00a0\u00bb]<\/p>\n<h1>La vie Paroissiale<\/h1>\n<p>Eug\u00e9nie-les-Bains fait partie de la Paroisse \u00ab\u00a0Tursan Ste Marie\u00a0\u00bb, dont le pr\u00eatre, le P\u00e8re Jean-Paul Delord r\u00e9side \u00e0 Geaune. L&rsquo;\u00e9glise est ouverte, chaque jour de 9 \u00e0 18h. Deux messes par mois y sont c\u00e9l\u00e9br\u00e9es. Un panneau d&rsquo;information, situ\u00e9 \u00e0 l&rsquo;entr\u00e9e vous renseignera sur tous les offices dominicaux, vous pouvez aussi retrouver cette information en bas de cette page.<\/p>\n<p>Aux heures d&rsquo;ouverture 9h-18h, l\u2019\u00e9glise vous accueille avec un fond musical permanent.<\/p>\n<h2>Contacts<\/h2>\n<p>secr\u00e9tariat paroissial : 13 rue de l&rsquo;Abattoir &#8211; 40320 Geaune &#8211; t\u00e9l. 05 58 79 30 78 &#8211; email : tursan.paroisse@orange.fr<\/p>\n<p>P\u00e8re Jean-Paul Delord : 05 58 52 45 62<\/p>\n<p>Pour toute demande de messe, merci de contacter le secr\u00e9tariat Paroissial :<\/p>\n<ul>\n<li>le lundi de 10h \u00e0 12h<\/li>\n<li>le mardi et jeudi de 14h30 \u00e0 16h30<\/li>\n<\/ul>\n<p>Pour toute demande de bapt\u00eame, mariage, prendre contact avec le P\u00e8re Delord.<\/p>\n<p>[\/et_pb_text][et_pb_cta title=\u00a0\u00bbConsulter les lieux et horaires des messes\u00a0\u00bb button_url=\u00a0\u00bbhttp:\/\/www.ville-eugenie-les-bains.fr\/ftp\/DIVERS\/Messe.pdf\u00a0\u00bb url_new_window=\u00a0\u00bbon\u00a0\u00bb button_text=\u00a0\u00bbPlus d&rsquo;infos ici\u00a0\u00bb use_background_color=\u00a0\u00bbon\u00a0\u00bb background_color=\u00a0\u00bbrgba(224,153,0,0.18)\u00a0\u00bb background_layout=\u00a0\u00bblight\u00a0\u00bb border_style=\u00a0\u00bbsolid\u00a0\u00bb custom_button=\u00a0\u00bboff\u00a0\u00bb button_letter_spacing=\u00a0\u00bb0&Prime; button_icon_placement=\u00a0\u00bbright\u00a0\u00bb button_letter_spacing_hover=\u00a0\u00bb0&Prime; _builder_version=\u00a0\u00bb3.0.66&Prime; \/][et_pb_image src=\u00a0\u00bbhttp:\/\/www.ville-eugenie-les-bains.fr\/elb\/wp-content\/uploads\/2017\/05\/20170515_162814.jpg\u00a0\u00bb show_in_lightbox=\u00a0\u00bbon\u00a0\u00bb url_new_window=\u00a0\u00bboff\u00a0\u00bb use_overlay=\u00a0\u00bboff\u00a0\u00bb sticky=\u00a0\u00bboff\u00a0\u00bb align=\u00a0\u00bbleft\u00a0\u00bb always_center_on_mobile=\u00a0\u00bbon\u00a0\u00bb use_border_color=\u00a0\u00bboff\u00a0\u00bb border_color=\u00a0\u00bb#ffffff\u00a0\u00bb border_style=\u00a0\u00bbsolid\u00a0\u00bb force_fullwidth=\u00a0\u00bboff\u00a0\u00bb animation=\u00a0\u00bbleft\u00a0\u00bb \/][\/et_pb_column_inner][\/et_pb_row_inner][\/et_pb_column][et_pb_column type=\u00a0\u00bb1_4&Prime;][et_pb_sidebar admin_label=\u00a0\u00bbSidebar\u00a0\u00bb orientation=\u00a0\u00bbright\u00a0\u00bb background_layout=\u00a0\u00bblight\u00a0\u00bb \/][\/et_pb_column][\/et_pb_section]<\/p>\n","protected":false},"excerpt":{"rendered":"<p>La vie Paroissiale Eug\u00e9nie-les-Bains fait partie de la Paroisse \u00ab\u00a0Tursan Ste Marie\u00a0\u00bb, dont le pr\u00eatre, le P\u00e8re Jean-Paul Delord r\u00e9side \u00e0 Geaune. L&rsquo;\u00e9glise est ouverte, chaque jour de 9 \u00e0 18h. Deux messes par mois y sont c\u00e9l\u00e9br\u00e9es. Un panneau d&rsquo;information, situ\u00e9 \u00e0 l&rsquo;entr\u00e9e vous renseignera sur tous les offices dominicaux, vous pouvez aussi retrouver [&hellip;]<\/p>\n","protected":false},"author":1,"featured_media":0,"parent":0,"menu_order":0,"comment_status":"closed","ping_status":"closed","template":"","meta":{"_et_pb_use_builder":"on","_et_pb_old_content":"","_et_gb_content_width":"","footnotes":""},"class_list":["post-1049","page","type-page","status-publish","hentry"],"yoast_head":"<!-- This site is optimized with the Yoast SEO plugin v27.5 - https:\/\/yoast.com\/product\/yoast-seo-wordpress\/ -->\n<title>Vie paroissiale - Eug\u00e9nie-les-Bains village thermal<\/title>\n<meta name=\"robots\" content=\"index, follow, max-snippet:-1, max-image-preview:large, max-video-preview:-1\" \/>\n<link rel=\"canonical\" href=\"https:\/\/www.ville-eugenie-les-bains.fr\/elb\/eglise\/\" \/>\n<meta property=\"og:locale\" content=\"fr_FR\" \/>\n<meta property=\"og:type\" content=\"article\" \/>\n<meta property=\"og:title\" content=\"Vie paroissiale - Eug\u00e9nie-les-Bains village thermal\" \/>\n<meta property=\"og:description\" content=\"La vie Paroissiale Eug\u00e9nie-les-Bains fait partie de la Paroisse &quot;Tursan Ste Marie&quot;, dont le pr\u00eatre, le P\u00e8re Jean-Paul Delord r\u00e9side \u00e0 Geaune. L&#039;\u00e9glise est ouverte, chaque jour de 9 \u00e0 18h. Deux messes par mois y sont c\u00e9l\u00e9br\u00e9es. Un panneau d&#039;information, situ\u00e9 \u00e0 l&#039;entr\u00e9e vous renseignera sur tous les offices dominicaux, vous pouvez aussi retrouver [&hellip;]\" \/>\n<meta property=\"og:url\" content=\"https:\/\/www.ville-eugenie-les-bains.fr\/elb\/eglise\/\" \/>\n<meta property=\"og:site_name\" content=\"Eug\u00e9nie-les-Bains village thermal\" \/>\n<meta property=\"article:publisher\" content=\"https:\/\/www.facebook.com\/Eug%c3%a9nie-les-Bains-animations-106187096146451\/\" \/>\n<meta property=\"article:modified_time\" content=\"2017-08-21T16:23:55+00:00\" \/>\n<meta name=\"twitter:card\" content=\"summary_large_image\" \/>\n<meta name=\"twitter:site\" content=\"@EugenieLesBains\" \/>\n<meta name=\"twitter:label1\" content=\"Dur\u00e9e de lecture estim\u00e9e\" \/>\n\t<meta name=\"twitter:data1\" content=\"3 minutes\" \/>\n<script type=\"application\/ld+json\" class=\"yoast-schema-graph\">{\"@context\":\"https:\\\/\\\/schema.org\",\"@graph\":[{\"@type\":\"WebPage\",\"@id\":\"https:\\\/\\\/www.ville-eugenie-les-bains.fr\\\/elb\\\/eglise\\\/\",\"url\":\"https:\\\/\\\/www.ville-eugenie-les-bains.fr\\\/elb\\\/eglise\\\/\",\"name\":\"Vie paroissiale - Eug\u00e9nie-les-Bains village thermal\",\"isPartOf\":{\"@id\":\"https:\\\/\\\/www.ville-eugenie-les-bains.fr\\\/elb\\\/#website\"},\"datePublished\":\"2017-05-15T08:37:28+00:00\",\"dateModified\":\"2017-08-21T16:23:55+00:00\",\"breadcrumb\":{\"@id\":\"https:\\\/\\\/www.ville-eugenie-les-bains.fr\\\/elb\\\/eglise\\\/#breadcrumb\"},\"inLanguage\":\"fr-FR\",\"potentialAction\":[{\"@type\":\"ReadAction\",\"target\":[\"https:\\\/\\\/www.ville-eugenie-les-bains.fr\\\/elb\\\/eglise\\\/\"]}]},{\"@type\":\"BreadcrumbList\",\"@id\":\"https:\\\/\\\/www.ville-eugenie-les-bains.fr\\\/elb\\\/eglise\\\/#breadcrumb\",\"itemListElement\":[{\"@type\":\"ListItem\",\"position\":1,\"name\":\"Accueil\",\"item\":\"https:\\\/\\\/www.ville-eugenie-les-bains.fr\\\/elb\\\/\"},{\"@type\":\"ListItem\",\"position\":2,\"name\":\"Vie paroissiale\"}]},{\"@type\":\"WebSite\",\"@id\":\"https:\\\/\\\/www.ville-eugenie-les-bains.fr\\\/elb\\\/#website\",\"url\":\"https:\\\/\\\/www.ville-eugenie-les-bains.fr\\\/elb\\\/\",\"name\":\"Eug\u00e9nie-les-Bains village thermal\",\"description\":\"site officiel d&#039;Eug\u00e9nie-les-Bains\",\"potentialAction\":[{\"@type\":\"SearchAction\",\"target\":{\"@type\":\"EntryPoint\",\"urlTemplate\":\"https:\\\/\\\/www.ville-eugenie-les-bains.fr\\\/elb\\\/?s={search_term_string}\"},\"query-input\":{\"@type\":\"PropertyValueSpecification\",\"valueRequired\":true,\"valueName\":\"search_term_string\"}}],\"inLanguage\":\"fr-FR\"}]}<\/script>\n<!-- \/ Yoast SEO plugin. -->","yoast_head_json":{"title":"Vie paroissiale - Eug\u00e9nie-les-Bains village thermal","robots":{"index":"index","follow":"follow","max-snippet":"max-snippet:-1","max-image-preview":"max-image-preview:large","max-video-preview":"max-video-preview:-1"},"canonical":"https:\/\/www.ville-eugenie-les-bains.fr\/elb\/eglise\/","og_locale":"fr_FR","og_type":"article","og_title":"Vie paroissiale - Eug\u00e9nie-les-Bains village thermal","og_description":"La vie Paroissiale Eug\u00e9nie-les-Bains fait partie de la Paroisse \"Tursan Ste Marie\", dont le pr\u00eatre, le P\u00e8re Jean-Paul Delord r\u00e9side \u00e0 Geaune. L'\u00e9glise est ouverte, chaque jour de 9 \u00e0 18h. Deux messes par mois y sont c\u00e9l\u00e9br\u00e9es. Un panneau d'information, situ\u00e9 \u00e0 l'entr\u00e9e vous renseignera sur tous les offices dominicaux, vous pouvez aussi retrouver [&hellip;]","og_url":"https:\/\/www.ville-eugenie-les-bains.fr\/elb\/eglise\/","og_site_name":"Eug\u00e9nie-les-Bains village thermal","article_publisher":"https:\/\/www.facebook.com\/Eug%c3%a9nie-les-Bains-animations-106187096146451\/","article_modified_time":"2017-08-21T16:23:55+00:00","twitter_card":"summary_large_image","twitter_site":"@EugenieLesBains","twitter_misc":{"Dur\u00e9e de lecture estim\u00e9e":"3 minutes"},"schema":{"@context":"https:\/\/schema.org","@graph":[{"@type":"WebPage","@id":"https:\/\/www.ville-eugenie-les-bains.fr\/elb\/eglise\/","url":"https:\/\/www.ville-eugenie-les-bains.fr\/elb\/eglise\/","name":"Vie paroissiale - Eug\u00e9nie-les-Bains village thermal","isPartOf":{"@id":"https:\/\/www.ville-eugenie-les-bains.fr\/elb\/#website"},"datePublished":"2017-05-15T08:37:28+00:00","dateModified":"2017-08-21T16:23:55+00:00","breadcrumb":{"@id":"https:\/\/www.ville-eugenie-les-bains.fr\/elb\/eglise\/#breadcrumb"},"inLanguage":"fr-FR","potentialAction":[{"@type":"ReadAction","target":["https:\/\/www.ville-eugenie-les-bains.fr\/elb\/eglise\/"]}]},{"@type":"BreadcrumbList","@id":"https:\/\/www.ville-eugenie-les-bains.fr\/elb\/eglise\/#breadcrumb","itemListElement":[{"@type":"ListItem","position":1,"name":"Accueil","item":"https:\/\/www.ville-eugenie-les-bains.fr\/elb\/"},{"@type":"ListItem","position":2,"name":"Vie paroissiale"}]},{"@type":"WebSite","@id":"https:\/\/www.ville-eugenie-les-bains.fr\/elb\/#website","url":"https:\/\/www.ville-eugenie-les-bains.fr\/elb\/","name":"Eug\u00e9nie-les-Bains village thermal","description":"site officiel d&#039;Eug\u00e9nie-les-Bains","potentialAction":[{"@type":"SearchAction","target":{"@type":"EntryPoint","urlTemplate":"https:\/\/www.ville-eugenie-les-bains.fr\/elb\/?s={search_term_string}"},"query-input":{"@type":"PropertyValueSpecification","valueRequired":true,"valueName":"search_term_string"}}],"inLanguage":"fr-FR"}]}},"jetpack_shortlink":"https:\/\/wp.me\/P8CeHm-gV","jetpack-related-posts":[{"id":422,"url":"https:\/\/www.ville-eugenie-les-bains.fr\/elb\/cure-eugenielesbains\/","url_meta":{"origin":1049,"position":0},"title":"Thermalisme","author":"ELBdigital","date":"19 avril 2017","format":false,"excerpt":"","rel":"","context":"Article similaire","block_context":{"text":"Article similaire","link":""},"img":{"alt_text":"","src":"","width":0,"height":0},"classes":[]},{"id":5072,"url":"https:\/\/www.ville-eugenie-les-bains.fr\/elb\/programme-des-animations\/","url_meta":{"origin":1049,"position":1},"title":"Programme des animations","author":"ELBdigital","date":"10 f\u00e9vrier 2025","format":false,"excerpt":"","rel":"","context":"Article similaire","block_context":{"text":"Article similaire","link":""},"img":{"alt_text":"","src":"","width":0,"height":0},"classes":[]}],"jetpack_sharing_enabled":true,"_links":{"self":[{"href":"https:\/\/www.ville-eugenie-les-bains.fr\/elb\/wp-json\/wp\/v2\/pages\/1049","targetHints":{"allow":["GET"]}}],"collection":[{"href":"https:\/\/www.ville-eugenie-les-bains.fr\/elb\/wp-json\/wp\/v2\/pages"}],"about":[{"href":"https:\/\/www.ville-eugenie-les-bains.fr\/elb\/wp-json\/wp\/v2\/types\/page"}],"author":[{"embeddable":true,"href":"https:\/\/www.ville-eugenie-les-bains.fr\/elb\/wp-json\/wp\/v2\/users\/1"}],"replies":[{"embeddable":true,"href":"https:\/\/www.ville-eugenie-les-bains.fr\/elb\/wp-json\/wp\/v2\/comments?post=1049"}],"version-history":[{"count":13,"href":"https:\/\/www.ville-eugenie-les-bains.fr\/elb\/wp-json\/wp\/v2\/pages\/1049\/revisions"}],"predecessor-version":[{"id":1101,"href":"https:\/\/www.ville-eugenie-les-bains.fr\/elb\/wp-json\/wp\/v2\/pages\/1049\/revisions\/1101"}],"wp:attachment":[{"href":"https:\/\/www.ville-eugenie-les-bains.fr\/elb\/wp-json\/wp\/v2\/media?parent=1049"}],"curies":[{"name":"wp","href":"https:\/\/api.w.org\/{rel}","templated":true}]}}