{"id":212,"date":"2017-04-12T15:24:21","date_gmt":"2017-04-12T13:24:21","guid":{"rendered":"http:\/\/www.ville-eugenie-les-bains.fr\/elb\/?page_id=212"},"modified":"2019-07-10T21:56:19","modified_gmt":"2019-07-10T19:56:19","slug":"mentions-legales","status":"publish","type":"page","link":"https:\/\/www.ville-eugenie-les-bains.fr\/elb\/mentions-legales\/","title":{"rendered":"Mentions l\u00e9gales"},"content":{"rendered":"<p>[et_pb_section fb_built=\u00a0\u00bb1&Prime; admin_label=\u00a0\u00bbsection\u00a0\u00bb _builder_version=\u00a0\u00bb3.22.3&Prime;][et_pb_row admin_label=\u00a0\u00bbrow\u00a0\u00bb _builder_version=\u00a0\u00bb3.25&Prime; background_size=\u00a0\u00bbinitial\u00a0\u00bb background_position=\u00a0\u00bbtop_left\u00a0\u00bb background_repeat=\u00a0\u00bbrepeat\u00a0\u00bb][et_pb_column type=\u00a0\u00bb4_4&Prime; _builder_version=\u00a0\u00bb3.25&Prime; custom_padding=\u00a0\u00bb|||\u00a0\u00bb custom_padding__hover=\u00a0\u00bb|||\u00a0\u00bb][et_pb_text admin_label=\u00a0\u00bbText\u00a0\u00bb _builder_version=\u00a0\u00bb3.0.74&Prime; background_size=\u00a0\u00bbinitial\u00a0\u00bb background_position=\u00a0\u00bbtop_left\u00a0\u00bb background_repeat=\u00a0\u00bbrepeat\u00a0\u00bb]<\/p>\n<table class=\"MentionLegale\" cellspacing=\"1\" border=\"1\" align=\"center\">\n<tbody>\n<tr>\n<td valign=\"top\">Site \u00e9dit\u00e9 par :<br \/>O MULTIMEDIA<br \/>210 Rue Ren\u00e9 Vielle<br \/>40320 Eug\u00e9nie-les-Bains &#8211; France<br \/>T\u00e9l : 05 58 51 19 03<br \/><a class=\"MentionLegale\" href=\"http:\/\/www.site-internet-landes.fr\/\" target=\"_blank\" rel=\"noopener noreferrer\">www.site-internet-landes.fr<\/a><\/td>\n<td valign=\"top\">\n<p>Propri\u00e9taire du site<br \/>MAIRIE D&rsquo;EUGENIE-LES-BAINS<br \/>90 route de Mounon<br \/>40320 Eug\u00e9nie-les-Bains &#8211; France<br \/>T\u00e9l : 05 58 51 15 37<\/p>\n<\/td>\n<td valign=\"top\">H\u00e9bergeur du Site :<br \/>OVH<br \/>2 rue Kellermann<br \/>59100 Roubaix &#8211; France<\/td>\n<\/tr>\n<\/tbody>\n<\/table>\n<p>&nbsp;<\/p>\n<div class=\"MentionLegale\" align=\"justify\">\n<p>L&rsquo;ensemble de ce site rel\u00e8ve des l\u00e9gislations fran\u00e7aise et internationale sur le droit d&rsquo;auteur et la propri\u00e9t\u00e9 intellectuelle. Tous les droits de reproduction sont r\u00e9serv\u00e9s, y compris pour les documents iconographiques et photographiques.<\/p>\n<p>Merci de lire attentivement les pr\u00e9sentes mentions l\u00e9gales du site de MAIRIE D&rsquo;EUGENIE LES BAINS. En vous connectant sur ce site, vous en acceptez les pr\u00e9sentes modalit\u00e9s.<\/p>\n<p>Traitement des informations<\/p>\n<p>Les informations et les illustrations pr\u00e9sentes sur ce site sont non contractuelles. MAIRIE D&rsquo;EUGENIE LES BAINS d\u00e9cline toute responsabilit\u00e9 quant \u00e0 leur compl\u00e9tude, leur exactitude ou leur pertinence. MAIRIE D&rsquo;EUGENIE LES BAINS se r\u00e9serve le droit de modifier, de corriger, ou de supprimer des informations sur son site, \u00e0 tout moment et sans pr\u00e9avis.<\/p>\n<p>Traitement des donn\u00e9es personnelles :<\/p>\n<p>Les informations recueillies aupr\u00e8s des personnes par le biais du formulaire de contact ou par l&rsquo;envoi de messages \u00e9lectroniques sont destin\u00e9es exclusivement \u00e0 l&rsquo;usage de MAIRIE D&rsquo;EUGENIE LES BAINS. Elles ne sont en aucun cas communiqu\u00e9es \u00e0 des tiers. Conform\u00e9ment aux articles 39 et suivants de la loi n\u00b0 78-17 du 6 janvier 1978 relative \u00e0 l&rsquo;informatique, aux fichiers et aux libert\u00e9s, toute personne peut obtenir communication et, le cas \u00e9ch\u00e9ant, rectification ou suppression des informations la concernant, en s&rsquo;adressant \u00e0 MAIRIE D&rsquo;EUGENIE LES BAINS. Toute personne peut \u00e9galement, pour des motifs l\u00e9gitimes, s&rsquo;opposer au traitement des donn\u00e9es la concernant. Pour exercer ce droit, adressez-vous \u00e0 MAIRIE D&rsquo;EUGENIE LES BAINS.<\/p>\n<p>CREDITS<\/p>\n<p>Cr\u00e9dits textes<br \/>Tous les textes sont produits par MAIRIE D&rsquo;EUGENIE LES BAINS. Conform\u00e9ment au Code de la Propri\u00e9t\u00e9 intellectuelle, toute utilisation ou reprise des contenus du site doit faire l&rsquo;objet d&rsquo;une autorisation \u00e9crite par le propri\u00e9taire du site. Les informations utilis\u00e9es ne doivent l&rsquo;\u00eatre qu&rsquo;\u00e0 des fins personnelles, associatives ; toute utilisation \u00e0 des fins commerciales ou publicitaires est exclue.<\/p>\n<p>La reproduction sur support papier<\/p>\n<p>A l&rsquo;exception de l&rsquo;iconographie, la reproduction des pages de ce site sur un support papier pourra \u00eatre autoris\u00e9e, sous r\u00e9serve du respect des trois conditions suivantes :<br \/>\u2022 gratuit\u00e9 de la diffusion,<br \/>\u2022 respect de l&rsquo;int\u00e9grit\u00e9 des documents reproduits (aucune modification, ni alt\u00e9ration d&rsquo;aucune sorte)<br \/>\u2022 citation explicite du site comme source et mention que les droits de reproduction sont r\u00e9serv\u00e9s et strictement limit\u00e9s.<\/p>\n<p>La reproduction sur support \u00e9lectronique<br \/>La reproduction de tout ou partie de ce site sur un support \u00e9lectronique pourra \u00eatre autoris\u00e9e sous r\u00e9serve de l&rsquo;ajout de fa\u00e7on claire et lisible de la source et de la mention \u00ab\u00a0Droits r\u00e9serv\u00e9s\u00a0\u00bb.<\/p>\n<p>Cr\u00e9dits photos<br \/>L&rsquo;ensemble des textes, illustrations, photographies, plans, dessins, animations, vid\u00e9os, sons de ce site sont la propri\u00e9t\u00e9 de MAIRIE D&rsquo;EUGENIE LES BAINS. Leur reproduction et utilisation par un tiers est interdite, sauf autorisation \u00e9crite par le propri\u00e9taire de MAIRIE D&rsquo;EUGENIE LES BAINS. Toute demande d&rsquo;utilisation, de reprise ou de reproduction des contenus du site (textes et photos), doit \u00eatre adress\u00e9e au propri\u00e9taire de MAIRIE D&rsquo;EUGENIE LES BAINS.<\/p>\n<p>La cr\u00e9ation de liens vers ce site<\/p>\n<p>Il est possible de cr\u00e9er un lien hypertexte pointant vers ce site sans demande d&rsquo;autorisation.<br \/>Attention ! Cette r\u00e8gle ne s&rsquo;applique pas aux sites internet diffusant des informations \u00e0 caract\u00e8re pol\u00e9mique, pornographique, x\u00e9nophobe ou pouvant, dans une plus large mesure porter atteinte \u00e0 la sensibilit\u00e9 du plus grand nombre. MAIRIE D&rsquo;EUGENIE LES BAINS se r\u00e9serve le droit de demander la suppression d&rsquo;un lien qu&rsquo;elle estime non conforme \u00e0 sa ligne \u00e9ditoriale.<\/p>\n<\/div>\n<p>[\/et_pb_text][\/et_pb_column][\/et_pb_row][\/et_pb_section]<\/p>\n","protected":false},"excerpt":{"rendered":"<p>Site \u00e9dit\u00e9 par :O MULTIMEDIA210 Rue Ren\u00e9 Vielle40320 Eug\u00e9nie-les-Bains &#8211; FranceT\u00e9l : 05 58 51 19 03www.site-internet-landes.fr Propri\u00e9taire du siteMAIRIE D&rsquo;EUGENIE-LES-BAINS90 route de Mounon40320 Eug\u00e9nie-les-Bains &#8211; FranceT\u00e9l : 05 58 51 15 37 H\u00e9bergeur du Site :OVH2 rue Kellermann59100 Roubaix &#8211; France &nbsp; L&rsquo;ensemble de ce site rel\u00e8ve des l\u00e9gislations fran\u00e7aise et internationale sur le [&hellip;]<\/p>\n","protected":false},"author":1,"featured_media":0,"parent":0,"menu_order":0,"comment_status":"closed","ping_status":"closed","template":"","meta":{"_et_pb_use_builder":"on","_et_pb_old_content":"<table class=\"MentionLegale\" border=\"1\" cellspacing=\"1\" align=\"center\">\r\n<tbody>\r\n<tr>\r\n<td valign=\"top\">Site \u00e9dit\u00e9 par :\r\nO MULTIMEDIA\r\n210 Rue Ren\u00e9 Vielle\r\n40320 Eug\u00e9nie-les-Bains - France\r\nT\u00e9l : 05 58 51 19 03\r\n<a class=\"MentionLegale\" href=\"http:\/\/www.site-internet-landes.fr\/\" target=\"_blank\" rel=\"noopener\">www.site-internet-landes.fr<\/a><\/td>\r\n<td valign=\"top\">Propri\u00e9taire du site\r\nMAIRIE D'EUGENIE-LES-BAINS\r\n90 route de Mounon\r\n40320 Eug\u00e9nie-les-Bains - France\r\nT\u00e9l : 05 58 51 15 37<\/td>\r\n<td valign=\"top\">H\u00e9bergeur du Site :\r\nOVH\r\n2 rue Kellermann\r\n59100 Roubaix - France<\/td>\r\n<\/tr>\r\n<\/tbody>\r\n<\/table>\r\n&nbsp;\r\n<div class=\"MentionLegale\" align=\"justify\">\r\n\r\nL'ensemble de ce site rel\u00e8ve des l\u00e9gislations fran\u00e7aise et internationale sur le droit d'auteur et la propri\u00e9t\u00e9 intellectuelle. Tous les droits de reproduction sont r\u00e9serv\u00e9s, y compris pour les documents iconographiques et photographiques.\r\n\r\nMerci de lire attentivement les pr\u00e9sentes mentions l\u00e9gales du site de MAIRIE D'EUGENIE LES BAINS. En vous connectant sur ce site, vous en acceptez les pr\u00e9sentes modalit\u00e9s.\r\n\r\nTraitement des informations\r\n\r\nLes informations et les illustrations pr\u00e9sentes sur ce site sont non contractuelles. MAIRIE D'EUGENIE LES BAINS d\u00e9cline toute responsabilit\u00e9 quant \u00e0 leur compl\u00e9tude, leur exactitude ou leur pertinence. MAIRIE D'EUGENIE LES BAINS se r\u00e9serve le droit de modifier, de corriger, ou de supprimer des informations sur son site, \u00e0 tout moment et sans pr\u00e9avis.\r\n\r\nTraitement des donn\u00e9es personnelles :\r\n\r\nLes informations recueillies aupr\u00e8s des personnes par le biais du formulaire de contact ou par l'envoi de messages \u00e9lectroniques sont destin\u00e9es exclusivement \u00e0 l'usage de MAIRIE D'EUGENIE LES BAINS. Elles ne sont en aucun cas communiqu\u00e9es \u00e0 des tiers. Conform\u00e9ment aux articles 39 et suivants de la loi n\u00b0 78-17 du 6 janvier 1978 relative \u00e0 l'informatique, aux fichiers et aux libert\u00e9s, toute personne peut obtenir communication et, le cas \u00e9ch\u00e9ant, rectification ou suppression des informations la concernant, en s'adressant \u00e0 MAIRIE D'EUGENIE LES BAINS. Toute personne peut \u00e9galement, pour des motifs l\u00e9gitimes, s'opposer au traitement des donn\u00e9es la concernant. Pour exercer ce droit, adressez-vous \u00e0 MAIRIE D'EUGENIE LES BAINS.\r\n\r\nCREDITS\r\n\r\nCr\u00e9dits textes\r\nTous les textes sont produits par MAIRIE D'EUGENIE LES BAINS. Conform\u00e9ment au Code de la Propri\u00e9t\u00e9 intellectuelle, toute utilisation ou reprise des contenus du site doit faire l'objet d'une autorisation \u00e9crite par le propri\u00e9taire du site. Les informations utilis\u00e9es ne doivent l'\u00eatre qu'\u00e0 des fins personnelles, associatives ; toute utilisation \u00e0 des fins commerciales ou publicitaires est exclue.\r\n\r\nLa reproduction sur support papier\r\n\r\nA l'exception de l'iconographie, la reproduction des pages de ce site sur un support papier pourra \u00eatre autoris\u00e9e, sous r\u00e9serve du respect des trois conditions suivantes :\r\n\u2022 gratuit\u00e9 de la diffusion,\r\n\u2022 respect de l'int\u00e9grit\u00e9 des documents reproduits (aucune modification, ni alt\u00e9ration d'aucune sorte)\r\n\u2022 citation explicite du site comme source et mention que les droits de reproduction sont r\u00e9serv\u00e9s et strictement limit\u00e9s.\r\n\r\nLa reproduction sur support \u00e9lectronique\r\nLa reproduction de tout ou partie de ce site sur un support \u00e9lectronique pourra \u00eatre autoris\u00e9e sous r\u00e9serve de l'ajout de fa\u00e7on claire et lisible de la source et de la mention \"Droits r\u00e9serv\u00e9s\".\r\n\r\nCr\u00e9dits photos\r\nL'ensemble des textes, illustrations, photographies, plans, dessins, animations, vid\u00e9os, sons de ce site sont la propri\u00e9t\u00e9 de MAIRIE D'EUGENIE LES BAINS. Leur reproduction et utilisation par un tiers est interdite, sauf autorisation \u00e9crite par le propri\u00e9taire de MAIRIE D'EUGENIE LES BAINS. Toute demande d'utilisation, de reprise ou de reproduction des contenus du site (textes et photos), doit \u00eatre adress\u00e9e au propri\u00e9taire de MAIRIE D'EUGENIE LES BAINS.\r\n\r\nLa cr\u00e9ation de liens vers ce site\r\n\r\nIl est possible de cr\u00e9er un lien hypertexte pointant vers ce site sans demande d'autorisation.\r\nAttention ! Cette r\u00e8gle ne s'applique pas aux sites internet diffusant des informations \u00e0 caract\u00e8re pol\u00e9mique, pornographique, x\u00e9nophobe ou pouvant, dans une plus large mesure porter atteinte \u00e0 la sensibilit\u00e9 du plus grand nombre. MAIRIE D'EUGENIE LES BAINS se r\u00e9serve le droit de demander la suppression d'un lien qu'elle estime non conforme \u00e0 sa ligne \u00e9ditoriale.\r\n\r\n<\/div>","_et_gb_content_width":"","footnotes":""},"class_list":["post-212","page","type-page","status-publish","hentry"],"yoast_head":"<!-- This site is optimized with the Yoast SEO plugin v27.3 - https:\/\/yoast.com\/product\/yoast-seo-wordpress\/ -->\n<title>Mentions l\u00e9gales - Eug\u00e9nie-les-Bains village thermal<\/title>\n<meta name=\"robots\" content=\"index, follow, max-snippet:-1, max-image-preview:large, max-video-preview:-1\" \/>\n<link rel=\"canonical\" href=\"https:\/\/www.ville-eugenie-les-bains.fr\/elb\/mentions-legales\/\" \/>\n<meta property=\"og:locale\" content=\"fr_FR\" \/>\n<meta property=\"og:type\" content=\"article\" \/>\n<meta property=\"og:title\" content=\"Mentions l\u00e9gales - Eug\u00e9nie-les-Bains village thermal\" \/>\n<meta property=\"og:description\" content=\"Site \u00e9dit\u00e9 par :O MULTIMEDIA210 Rue Ren\u00e9 Vielle40320 Eug\u00e9nie-les-Bains - FranceT\u00e9l : 05 58 51 19 03www.site-internet-landes.fr Propri\u00e9taire du siteMAIRIE D&#039;EUGENIE-LES-BAINS90 route de Mounon40320 Eug\u00e9nie-les-Bains - FranceT\u00e9l : 05 58 51 15 37 H\u00e9bergeur du Site :OVH2 rue Kellermann59100 Roubaix - France &nbsp; L&#039;ensemble de ce site rel\u00e8ve des l\u00e9gislations fran\u00e7aise et internationale sur le [&hellip;]\" \/>\n<meta property=\"og:url\" content=\"https:\/\/www.ville-eugenie-les-bains.fr\/elb\/mentions-legales\/\" \/>\n<meta property=\"og:site_name\" content=\"Eug\u00e9nie-les-Bains village thermal\" \/>\n<meta property=\"article:publisher\" content=\"https:\/\/www.facebook.com\/Eug%c3%a9nie-les-Bains-animations-106187096146451\/\" \/>\n<meta property=\"article:modified_time\" content=\"2019-07-10T19:56:19+00:00\" \/>\n<meta name=\"twitter:card\" content=\"summary_large_image\" \/>\n<meta name=\"twitter:site\" content=\"@EugenieLesBains\" \/>\n<meta name=\"twitter:label1\" content=\"Dur\u00e9e de lecture estim\u00e9e\" \/>\n\t<meta name=\"twitter:data1\" content=\"3 minutes\" \/>\n<script type=\"application\/ld+json\" class=\"yoast-schema-graph\">{\"@context\":\"https:\\\/\\\/schema.org\",\"@graph\":[{\"@type\":\"WebPage\",\"@id\":\"https:\\\/\\\/www.ville-eugenie-les-bains.fr\\\/elb\\\/mentions-legales\\\/\",\"url\":\"https:\\\/\\\/www.ville-eugenie-les-bains.fr\\\/elb\\\/mentions-legales\\\/\",\"name\":\"Mentions l\u00e9gales - Eug\u00e9nie-les-Bains village thermal\",\"isPartOf\":{\"@id\":\"https:\\\/\\\/www.ville-eugenie-les-bains.fr\\\/elb\\\/#website\"},\"datePublished\":\"2017-04-12T13:24:21+00:00\",\"dateModified\":\"2019-07-10T19:56:19+00:00\",\"breadcrumb\":{\"@id\":\"https:\\\/\\\/www.ville-eugenie-les-bains.fr\\\/elb\\\/mentions-legales\\\/#breadcrumb\"},\"inLanguage\":\"fr-FR\",\"potentialAction\":[{\"@type\":\"ReadAction\",\"target\":[\"https:\\\/\\\/www.ville-eugenie-les-bains.fr\\\/elb\\\/mentions-legales\\\/\"]}]},{\"@type\":\"BreadcrumbList\",\"@id\":\"https:\\\/\\\/www.ville-eugenie-les-bains.fr\\\/elb\\\/mentions-legales\\\/#breadcrumb\",\"itemListElement\":[{\"@type\":\"ListItem\",\"position\":1,\"name\":\"Accueil\",\"item\":\"https:\\\/\\\/www.ville-eugenie-les-bains.fr\\\/elb\\\/\"},{\"@type\":\"ListItem\",\"position\":2,\"name\":\"Mentions l\u00e9gales\"}]},{\"@type\":\"WebSite\",\"@id\":\"https:\\\/\\\/www.ville-eugenie-les-bains.fr\\\/elb\\\/#website\",\"url\":\"https:\\\/\\\/www.ville-eugenie-les-bains.fr\\\/elb\\\/\",\"name\":\"Eug\u00e9nie-les-Bains village thermal\",\"description\":\"site officiel d&#039;Eug\u00e9nie-les-Bains\",\"potentialAction\":[{\"@type\":\"SearchAction\",\"target\":{\"@type\":\"EntryPoint\",\"urlTemplate\":\"https:\\\/\\\/www.ville-eugenie-les-bains.fr\\\/elb\\\/?s={search_term_string}\"},\"query-input\":{\"@type\":\"PropertyValueSpecification\",\"valueRequired\":true,\"valueName\":\"search_term_string\"}}],\"inLanguage\":\"fr-FR\"}]}<\/script>\n<!-- \/ Yoast SEO plugin. -->","yoast_head_json":{"title":"Mentions l\u00e9gales - Eug\u00e9nie-les-Bains village thermal","robots":{"index":"index","follow":"follow","max-snippet":"max-snippet:-1","max-image-preview":"max-image-preview:large","max-video-preview":"max-video-preview:-1"},"canonical":"https:\/\/www.ville-eugenie-les-bains.fr\/elb\/mentions-legales\/","og_locale":"fr_FR","og_type":"article","og_title":"Mentions l\u00e9gales - Eug\u00e9nie-les-Bains village thermal","og_description":"Site \u00e9dit\u00e9 par :O MULTIMEDIA210 Rue Ren\u00e9 Vielle40320 Eug\u00e9nie-les-Bains - FranceT\u00e9l : 05 58 51 19 03www.site-internet-landes.fr Propri\u00e9taire du siteMAIRIE D'EUGENIE-LES-BAINS90 route de Mounon40320 Eug\u00e9nie-les-Bains - FranceT\u00e9l : 05 58 51 15 37 H\u00e9bergeur du Site :OVH2 rue Kellermann59100 Roubaix - France &nbsp; L'ensemble de ce site rel\u00e8ve des l\u00e9gislations fran\u00e7aise et internationale sur le [&hellip;]","og_url":"https:\/\/www.ville-eugenie-les-bains.fr\/elb\/mentions-legales\/","og_site_name":"Eug\u00e9nie-les-Bains village thermal","article_publisher":"https:\/\/www.facebook.com\/Eug%c3%a9nie-les-Bains-animations-106187096146451\/","article_modified_time":"2019-07-10T19:56:19+00:00","twitter_card":"summary_large_image","twitter_site":"@EugenieLesBains","twitter_misc":{"Dur\u00e9e de lecture estim\u00e9e":"3 minutes"},"schema":{"@context":"https:\/\/schema.org","@graph":[{"@type":"WebPage","@id":"https:\/\/www.ville-eugenie-les-bains.fr\/elb\/mentions-legales\/","url":"https:\/\/www.ville-eugenie-les-bains.fr\/elb\/mentions-legales\/","name":"Mentions l\u00e9gales - Eug\u00e9nie-les-Bains village thermal","isPartOf":{"@id":"https:\/\/www.ville-eugenie-les-bains.fr\/elb\/#website"},"datePublished":"2017-04-12T13:24:21+00:00","dateModified":"2019-07-10T19:56:19+00:00","breadcrumb":{"@id":"https:\/\/www.ville-eugenie-les-bains.fr\/elb\/mentions-legales\/#breadcrumb"},"inLanguage":"fr-FR","potentialAction":[{"@type":"ReadAction","target":["https:\/\/www.ville-eugenie-les-bains.fr\/elb\/mentions-legales\/"]}]},{"@type":"BreadcrumbList","@id":"https:\/\/www.ville-eugenie-les-bains.fr\/elb\/mentions-legales\/#breadcrumb","itemListElement":[{"@type":"ListItem","position":1,"name":"Accueil","item":"https:\/\/www.ville-eugenie-les-bains.fr\/elb\/"},{"@type":"ListItem","position":2,"name":"Mentions l\u00e9gales"}]},{"@type":"WebSite","@id":"https:\/\/www.ville-eugenie-les-bains.fr\/elb\/#website","url":"https:\/\/www.ville-eugenie-les-bains.fr\/elb\/","name":"Eug\u00e9nie-les-Bains village thermal","description":"site officiel d&#039;Eug\u00e9nie-les-Bains","potentialAction":[{"@type":"SearchAction","target":{"@type":"EntryPoint","urlTemplate":"https:\/\/www.ville-eugenie-les-bains.fr\/elb\/?s={search_term_string}"},"query-input":{"@type":"PropertyValueSpecification","valueRequired":true,"valueName":"search_term_string"}}],"inLanguage":"fr-FR"}]}},"jetpack_shortlink":"https:\/\/wp.me\/P8CeHm-3q","jetpack-related-posts":[{"id":4647,"url":"https:\/\/www.ville-eugenie-les-bains.fr\/elb\/comptes-rendus-du-conseil-municipal\/","url_meta":{"origin":212,"position":0},"title":"Comptes-rendus du conseil municipal","author":"ELBdigital","date":"12 juillet 2022","format":false,"excerpt":"","rel":"","context":"Article similaire","block_context":{"text":"Article similaire","link":""},"img":{"alt_text":"","src":"","width":0,"height":0},"classes":[]},{"id":1199,"url":"https:\/\/www.ville-eugenie-les-bains.fr\/elb\/marche\/","url_meta":{"origin":212,"position":1},"title":"Le March\u00e9","author":"ELBdigital","date":"24 mai 2017","format":false,"excerpt":"","rel":"","context":"Article similaire","block_context":{"text":"Article similaire","link":""},"img":{"alt_text":"","src":"","width":0,"height":0},"classes":[]},{"id":1883,"url":"https:\/\/www.ville-eugenie-les-bains.fr\/elb\/informations-mairie\/","url_meta":{"origin":212,"position":2},"title":"Informations Mairie","author":"ELBdigital","date":"16 juin 2017","format":false,"excerpt":"","rel":"","context":"Article similaire","block_context":{"text":"Article similaire","link":""},"img":{"alt_text":"","src":"","width":0,"height":0},"classes":[]},{"id":531,"url":"https:\/\/www.ville-eugenie-les-bains.fr\/elb\/mairie\/","url_meta":{"origin":212,"position":3},"title":"La Mairie","author":"ELBdigital","date":"20 avril 2017","format":false,"excerpt":"","rel":"","context":"Article similaire","block_context":{"text":"Article similaire","link":""},"img":{"alt_text":"","src":"","width":0,"height":0},"classes":[]},{"id":1251,"url":"https:\/\/www.ville-eugenie-les-bains.fr\/elb\/cimetiere\/","url_meta":{"origin":212,"position":4},"title":"Le cimeti\u00e8re","author":"ELBdigital","date":"24 mai 2017","format":false,"excerpt":"","rel":"","context":"Article similaire","block_context":{"text":"Article similaire","link":""},"img":{"alt_text":"","src":"","width":0,"height":0},"classes":[]},{"id":1006,"url":"https:\/\/www.ville-eugenie-les-bains.fr\/elb\/ecole-eugenielesbains\/","url_meta":{"origin":212,"position":5},"title":"Ecole","author":"ELBdigital","date":"12 mai 2017","format":false,"excerpt":"","rel":"","context":"Article similaire","block_context":{"text":"Article similaire","link":""},"img":{"alt_text":"","src":"","width":0,"height":0},"classes":[]}],"jetpack_sharing_enabled":true,"_links":{"self":[{"href":"https:\/\/www.ville-eugenie-les-bains.fr\/elb\/wp-json\/wp\/v2\/pages\/212","targetHints":{"allow":["GET"]}}],"collection":[{"href":"https:\/\/www.ville-eugenie-les-bains.fr\/elb\/wp-json\/wp\/v2\/pages"}],"about":[{"href":"https:\/\/www.ville-eugenie-les-bains.fr\/elb\/wp-json\/wp\/v2\/types\/page"}],"author":[{"embeddable":true,"href":"https:\/\/www.ville-eugenie-les-bains.fr\/elb\/wp-json\/wp\/v2\/users\/1"}],"replies":[{"embeddable":true,"href":"https:\/\/www.ville-eugenie-les-bains.fr\/elb\/wp-json\/wp\/v2\/comments?post=212"}],"version-history":[{"count":6,"href":"https:\/\/www.ville-eugenie-les-bains.fr\/elb\/wp-json\/wp\/v2\/pages\/212\/revisions"}],"predecessor-version":[{"id":3453,"href":"https:\/\/www.ville-eugenie-les-bains.fr\/elb\/wp-json\/wp\/v2\/pages\/212\/revisions\/3453"}],"wp:attachment":[{"href":"https:\/\/www.ville-eugenie-les-bains.fr\/elb\/wp-json\/wp\/v2\/media?parent=212"}],"curies":[{"name":"wp","href":"https:\/\/api.w.org\/{rel}","templated":true}]}}