{"id":877,"date":"2017-05-04T16:42:33","date_gmt":"2017-05-04T14:42:33","guid":{"rendered":"http:\/\/www.ville-eugenie-les-bains.fr\/elb\/?page_id=877"},"modified":"2025-03-20T12:00:33","modified_gmt":"2025-03-20T11:00:33","slug":"association","status":"publish","type":"page","link":"https:\/\/www.ville-eugenie-les-bains.fr\/elb\/association\/","title":{"rendered":"Associations"},"content":{"rendered":"<p>[et_pb_section fb_built=\u00a0\u00bb1&Prime; fullwidth=\u00a0\u00bbon\u00a0\u00bb _builder_version=\u00a0\u00bb4.16&Prime; global_colors_info=\u00a0\u00bb{}\u00a0\u00bb][\/et_pb_section][et_pb_section fb_built=\u00a0\u00bb1&Prime; specialty=\u00a0\u00bbon\u00a0\u00bb parallax_method_1=\u00a0\u00bboff\u00a0\u00bb parallax_method_2=\u00a0\u00bboff\u00a0\u00bb admin_label=\u00a0\u00bbsection\u00a0\u00bb _builder_version=\u00a0\u00bb4.16&Prime; background_color=\u00a0\u00bb#fafafa\u00a0\u00bb transparent_background=\u00a0\u00bboff\u00a0\u00bb global_colors_info=\u00a0\u00bb{}\u00a0\u00bb][et_pb_column type=\u00a0\u00bb3_4&Prime; specialty_columns=\u00a0\u00bb3&Prime; _builder_version=\u00a0\u00bb4.16&Prime; custom_padding=\u00a0\u00bb|||\u00a0\u00bb global_colors_info=\u00a0\u00bb{}\u00a0\u00bb custom_padding__hover=\u00a0\u00bb|||\u00a0\u00bb][et_pb_row_inner _builder_version=\u00a0\u00bb4.16&Prime; global_colors_info=\u00a0\u00bb{}\u00a0\u00bb][et_pb_column_inner saved_specialty_column_type=\u00a0\u00bb3_4&Prime; _builder_version=\u00a0\u00bb4.16&Prime; custom_padding=\u00a0\u00bb|||\u00a0\u00bb global_colors_info=\u00a0\u00bb{}\u00a0\u00bb custom_padding__hover=\u00a0\u00bb|||\u00a0\u00bb][et_pb_text admin_label=\u00a0\u00bbText\u00a0\u00bb _builder_version=\u00a0\u00bb4.16&Prime; border_style=\u00a0\u00bbsolid\u00a0\u00bb global_colors_info=\u00a0\u00bb{}\u00a0\u00bb]<\/p>\n<h1>Les associations d&rsquo;Eug\u00e9nie-les-Bains<\/h1>\n<p>9 associations au service des Eug\u00e9nois mais aussi des curistes et des touristes dynamisent activement notre station thermale. En voici la liste.<br \/>\n[\/et_pb_text][et_pb_gallery gallery_ids=\u00a0\u00bb982,984,1339,1340,1342,1813&Prime; posts_number=\u00a0\u00bb6&Prime; show_title_and_caption=\u00a0\u00bboff\u00a0\u00bb show_pagination=\u00a0\u00bboff\u00a0\u00bb zoom_icon_color=\u00a0\u00bb#2ea3f2&Prime; _builder_version=\u00a0\u00bb4.16&Prime; border_style=\u00a0\u00bbsolid\u00a0\u00bb global_colors_info=\u00a0\u00bb{}\u00a0\u00bb][\/et_pb_gallery][\/et_pb_column_inner][\/et_pb_row_inner][\/et_pb_column][et_pb_column type=\u00a0\u00bb1_4&Prime; _builder_version=\u00a0\u00bb4.16&Prime; custom_padding=\u00a0\u00bb|||\u00a0\u00bb global_colors_info=\u00a0\u00bb{}\u00a0\u00bb custom_padding__hover=\u00a0\u00bb|||\u00a0\u00bb][et_pb_sidebar orientation=\u00a0\u00bbright\u00a0\u00bb area=\u00a0\u00bbsidebar-1&Prime; admin_label=\u00a0\u00bbSidebar\u00a0\u00bb _builder_version=\u00a0\u00bb4.16&Prime; header_font_size=\u00a0\u00bb20&Prime; body_text_color=\u00a0\u00bb#73b781&Prime; global_colors_info=\u00a0\u00bb{}\u00a0\u00bb][\/et_pb_sidebar][\/et_pb_column][\/et_pb_section][et_pb_section fb_built=\u00a0\u00bb1&Prime; _builder_version=\u00a0\u00bb4.16&Prime; global_colors_info=\u00a0\u00bb{}\u00a0\u00bb][et_pb_row _builder_version=\u00a0\u00bb4.16&Prime; background_size=\u00a0\u00bbinitial\u00a0\u00bb background_position=\u00a0\u00bbtop_left\u00a0\u00bb background_repeat=\u00a0\u00bbrepeat\u00a0\u00bb hover_enabled=\u00a0\u00bb0&Prime; global_colors_info=\u00a0\u00bb{}\u00a0\u00bb sticky_enabled=\u00a0\u00bb0&Prime;][et_pb_column type=\u00a0\u00bb4_4&Prime; _builder_version=\u00a0\u00bb4.16&Prime; custom_padding=\u00a0\u00bb|||\u00a0\u00bb global_colors_info=\u00a0\u00bb{}\u00a0\u00bb custom_padding__hover=\u00a0\u00bb|||\u00a0\u00bb][et_pb_team_member name=\u00a0\u00bbANIM&rsquo;Eug\u00e9nie\u00a0\u00bb position=\u00a0\u00bbCo-Pr\u00e9sidentes : Elisabeth Lucmort et C\u00e9line Br\u00e9thoux\u00a0\u00bb image_url=\u00a0\u00bbhttp:\/\/www.ville-eugenie-les-bains.fr\/elb\/wp-content\/uploads\/2017\/05\/association-Eug\u00e9nie-les-Bains3-1.jpg\u00a0\u00bb _builder_version=\u00a0\u00bb4.16&Prime; header_text_color=\u00a0\u00bb#0a17aa\u00a0\u00bb header_font_size=\u00a0\u00bb25&Prime; background_color=\u00a0\u00bbrgba(224,153,0,0.18)\u00a0\u00bb background_size=\u00a0\u00bbinitial\u00a0\u00bb background_position=\u00a0\u00bbtop_left\u00a0\u00bb background_repeat=\u00a0\u00bbrepeat\u00a0\u00bb hover_enabled=\u00a0\u00bb0&Prime; border_style=\u00a0\u00bbsolid\u00a0\u00bb global_colors_info=\u00a0\u00bb{}\u00a0\u00bb sticky_enabled=\u00a0\u00bb0&Prime;]<\/p>\n<p>Bienvenue au c\u0153ur de l&rsquo;animation quotidienne \u00e0 Eug\u00e9nie-les-Bains.<\/p>\n<p>Association en charge de l &lsquo;animation de la station thermale, compos\u00e9e de b\u00e9n\u00e9voles actifs, pour la plupart commer\u00e7ants, h\u00e9bergeurs, restaurateurs, artisans, commer\u00e7ants, agriculteurs, de la commune et des environs, elle propose quotidiennement des activit\u00e9s<\/p>\n<ul>\n<li>sportives : promenades \u00ab oxyg\u00e9nation \u00bb, mini golf,\u2026<\/li>\n<li>ludiques : p\u00e9tanque, belote, jeux de cartes, de fl\u00e9chettes, de quilles, lotos, ateliers m\u00e9moire,<br \/>informatique,&#8230;<\/li>\n<li>de nombreux spectacles : chorales, pi\u00e8ces de th\u00e9\u00e2tre, com\u00e9dies musicales, soir\u00e9es cabarets, repas,&#8230;<\/li>\n<li>des conf\u00e9rences,<\/li>\n<li>et quelques grands \u00e9v\u00e8nements chaque ann\u00e9e : Lundi de Pentec\u00f4te : journ\u00e9e Jardins et Peintures \/ 13 Juillet : la journ\u00e9e Feu et Jeux d&rsquo;Eug\u00e9nie, en partenariat avec l&rsquo;Office de Tourisme \/ Eug\u00e9nie les Flots de juillet \u00e0 Ao\u00fbt \/ Le March\u00e9 de Nuit du mois d&rsquo;Ao\u00fbt, en partenariat avec la Mairie \/ La F\u00eate de la Gastronomie, en septembre, en partenariat avec Michel GUERARD \/ Le March\u00e9 de No\u00ebl et son spectacle pour les enfants.<\/li>\n<\/ul>\n<p>Ces animations viennent compl\u00e9ter<\/p>\n<ul>\n<li>le sport et la di\u00e9t\u00e9tique propos\u00e9s aux Thermes<\/li>\n<li>la d\u00e9couverte du territoire organis\u00e9e et guid\u00e9e par les H\u00f4tesses de l&rsquo;Office de Tourisme Communautaire<\/li>\n<li>les activit\u00e9s propos\u00e9es par les autres associations du village.<\/li>\n<\/ul>\n<p>Tout ceci est regroup\u00e9 et pr\u00e9sent\u00e9 dans un \u00ab Programme d&rsquo;Animations \u00bb \u00e9dit\u00e9 tous les mois et que vous pouvez consulter <a href=\"https:\/\/www.ville-eugenie-les-bains.fr\/elb\/programme-des-animations\/\" target=\"_blank\" rel=\"noopener noreferrer\">ICI<\/a>.<\/p>\n<p>Contact co-pr\u00e9sidentes : contactanimeugenie@gmail.com<\/p>\n<p>[\/et_pb_team_member][et_pb_team_member name=\u00a0\u00bbAmicale les Sources\u00a0\u00bb position=\u00a0\u00bbPr\u00e9sident : Nicole Br\u00e9thous\u00a0\u00bb image_url=\u00a0\u00bbhttp:\/\/www.ville-eugenie-les-bains.fr\/elb\/wp-content\/uploads\/2017\/05\/voyage-Amicale-les-sources-Eug\u00e9nie.jpg\u00a0\u00bb _builder_version=\u00a0\u00bb4.27.4&Prime; header_text_color=\u00a0\u00bb#0a17aa\u00a0\u00bb header_font_size=\u00a0\u00bb25&Prime; background_color=\u00a0\u00bbrgba(224,153,0,0.08)\u00a0\u00bb background_size=\u00a0\u00bbinitial\u00a0\u00bb background_position=\u00a0\u00bbtop_left\u00a0\u00bb background_repeat=\u00a0\u00bbrepeat\u00a0\u00bb hover_enabled=\u00a0\u00bb0&Prime; border_style=\u00a0\u00bbsolid\u00a0\u00bb global_colors_info=\u00a0\u00bb{}\u00a0\u00bb sticky_enabled=\u00a0\u00bb0&Prime;]<\/p>\n<p>Bienvenue chez les <strong>s\u00e9niors actifs<\/strong> d&rsquo;Eug\u00e9nie-les-Bains !<\/p>\n<p>L&rsquo;Amicale les Sources f\u00e9d\u00e8re les personnes retrait\u00e9es et propose \u00e0 celles-ci divertissements divers, voyages, r\u00e9unions amicales. Elle porte plus particuli\u00e8rement son attention sur les <strong>adh\u00e9rents malades ou vivants seuls<\/strong>, en leur rendant r\u00e9guli\u00e8rement visite.<\/p>\n<p>Contact pr\u00e9sidente, Nicole Br\u00e9thous : 06 42 03 37 91<\/p>\n<p>[\/et_pb_team_member][et_pb_team_member name=\u00a0\u00bbComit\u00e9 des f\u00eates\u00a0\u00bb position=\u00a0\u00bbPr\u00e9sidents : Matthieu Robin\u00a0\u00bb image_url=\u00a0\u00bbhttp:\/\/www.ville-eugenie-les-bains.fr\/elb\/wp-content\/uploads\/2017\/05\/association-Eug\u00e9nie-les-Bains4-1.jpg\u00a0\u00bb _builder_version=\u00a0\u00bb4.27.4&Prime; header_text_color=\u00a0\u00bb#0a17aa\u00a0\u00bb header_font_size=\u00a0\u00bb25&Prime; background_color=\u00a0\u00bbrgba(224,153,0,0.18)\u00a0\u00bb background_size=\u00a0\u00bbinitial\u00a0\u00bb background_position=\u00a0\u00bbtop_left\u00a0\u00bb background_repeat=\u00a0\u00bbrepeat\u00a0\u00bb border_style=\u00a0\u00bbsolid\u00a0\u00bb global_colors_info=\u00a0\u00bb{}\u00a0\u00bb]<\/p>\n<p>Bienvenue chez les Festayres d&rsquo;Eug\u00e9nie-les-Bains !<\/p>\n<p>Le <strong>comit\u00e9 des f\u00eates<\/strong> d&rsquo;Eug\u00e9nie-les-Bains organise principalement les <strong>f\u00eates municipales<\/strong> qui se d\u00e9roulent chaque ann\u00e9e <strong>TOUJOURS LE DEUXI\u00c8ME WEEK-END D&rsquo;AOUT<\/strong> puis quelques manifestations au cours de l&rsquo;ann\u00e9e. Elle est compos\u00e9e d&rsquo;un bureau (membres permanents) de membres actifs et de b\u00e9n\u00e9voles. N&rsquo;h\u00e9sitez pas \u00e0 nous rejoindre pour que la f\u00eate soit belle !<\/p>\n<p>Contact pr\u00e9sident : Matthieu Robin : 06 30 57 58 59 &#8211; matthieu.robin@hotmail.com<\/p>\n<p>[\/et_pb_team_member][et_pb_team_member name=\u00a0\u00bbSport Loisirs Eug\u00e9nois\u00a0\u00bb position=\u00a0\u00bbPr\u00e9sident : Laurent Baillet\u00a0\u00bb image_url=\u00a0\u00bbhttp:\/\/www.ville-eugenie-les-bains.fr\/elb\/wp-content\/uploads\/2017\/05\/ASLE.jpg\u00a0\u00bb disabled_on=\u00a0\u00bbon|on|on\u00a0\u00bb _builder_version=\u00a0\u00bb4.27.4&Prime; header_text_color=\u00a0\u00bb#0a17aa\u00a0\u00bb header_font_size=\u00a0\u00bb25&Prime; background_color=\u00a0\u00bbrgba(224,153,0,0.08)\u00a0\u00bb background_size=\u00a0\u00bbinitial\u00a0\u00bb background_position=\u00a0\u00bbtop_left\u00a0\u00bb background_repeat=\u00a0\u00bbrepeat\u00a0\u00bb border_style=\u00a0\u00bbsolid\u00a0\u00bb disabled=\u00a0\u00bbon\u00a0\u00bb global_colors_info=\u00a0\u00bb{}\u00a0\u00bb]<\/p>\n<p>Bienvenue chez les cyclos d&rsquo;Eug\u00e9nie-les-bains !<\/p>\n<p>La section cyclo sport et cyclo tourisme, 30 licenci\u00e9s, entrainement 2 fois par semaine. Participe \u00e0 25 randonn\u00e9es durant toute l&rsquo;ann\u00e9e et organise la fameuse journ\u00e9e du 14 juillet \u00e0 Eug\u00e9nie-les-Bains.<\/p>\n<p>Contact pr\u00e9sident,\u00a0Laurent Baillet, responsable section <strong>cyclo sport\u00a0<\/strong> : gaec.laborde@wanadoo.fr<br \/>Contact Christian Lafargue, responsable section <strong>cyclo tourisme\u00a0<\/strong> : 05 58 51 14 89<a href=\"http:\/\/www.cyclo-eugenie-les-bains.fr\" target=\"_blank\" rel=\"noopener noreferrer\"><\/a><\/p>\n<p>[\/et_pb_team_member][et_pb_team_member name=\u00a0\u00bbL\u2019Association Communale de Chasse Agr\u00e9\u00e9e (A.C.C.A.)\u00a0\u00bb position=\u00a0\u00bbPr\u00e9sident : Eric Saint-Germain\u00a0\u00bb image_url=\u00a0\u00bbhttp:\/\/www.ville-eugenie-les-bains.fr\/elb\/wp-content\/uploads\/2017\/05\/Chasse2.jpg\u00a0\u00bb _builder_version=\u00a0\u00bb4.20.0&Prime; header_text_color=\u00a0\u00bb#0a17aa\u00a0\u00bb header_font_size=\u00a0\u00bb25&Prime; background_color=\u00a0\u00bbrgba(224,153,0,0.18)\u00a0\u00bb background_size=\u00a0\u00bbinitial\u00a0\u00bb background_position=\u00a0\u00bbtop_left\u00a0\u00bb background_repeat=\u00a0\u00bbrepeat\u00a0\u00bb border_style=\u00a0\u00bbsolid\u00a0\u00bb global_colors_info=\u00a0\u00bb{}\u00a0\u00bb]<\/p>\n<p>Bienvenue chez les chasseurs d&rsquo;Eug\u00e9nie-les-bains !<\/p>\n<p>Association communale de chasse agr\u00e9e d&rsquo;Eug\u00e9nie-les-Bains. Apr\u00e9s 40 ans d&rsquo;existence, les A.C.C.A sont toujours tourn\u00e9es vers l&rsquo;avenir. Illustrant les nouvelles donnes environnementales, elles ont la volont\u00e9 d&rsquo;int\u00e9grer la pratique de la chasse dans la vie et la gestion durable des territoires.<\/p>\n<p>Contact pr\u00e9sident, Eric Saint-Germain : 06 71 53 50 18<\/p>\n<p>[\/et_pb_team_member][et_pb_team_member name=\u00a0\u00bbLa gymnastique Eug\u00e9noise\u00a0\u00bb position=\u00a0\u00bbCo Pr\u00e9sidents : Annie Dauriac et Michel Br\u00e8thes\u00a0\u00bb image_url=\u00a0\u00bbhttp:\/\/www.ville-eugenie-les-bains.fr\/elb\/wp-content\/uploads\/2017\/05\/GymEugenoise.jpg\u00a0\u00bb _builder_version=\u00a0\u00bb4.16&Prime; header_text_color=\u00a0\u00bb#0a17aa\u00a0\u00bb header_font_size=\u00a0\u00bb25&Prime; background_color=\u00a0\u00bbrgba(224,153,0,0.08)\u00a0\u00bb background_size=\u00a0\u00bbinitial\u00a0\u00bb background_position=\u00a0\u00bbtop_left\u00a0\u00bb background_repeat=\u00a0\u00bbrepeat\u00a0\u00bb border_style=\u00a0\u00bbsolid\u00a0\u00bb global_colors_info=\u00a0\u00bb{}\u00a0\u00bb]Tous les mardis de 20h30 \u00e0 21h30 dans la salle d&rsquo;animation, <strong>une heure de remise en forme<\/strong> dans la bonne humeur ! Chaque semaine un cours diff\u00e9rent, pour s&rsquo;inscrire se pr\u00e9senter un mardi soir.<\/p>\n<p>Contact pr\u00e9sident, Michel Br\u00e8thes : michel.brethes@orange.fr \/ 06 14 35 73 72<br \/>\n[\/et_pb_team_member][et_pb_team_member name=\u00a0\u00bbAssociation des parents d&rsquo;\u00e9l\u00e8ves\u00a0\u00bb position=\u00a0\u00bbPr\u00e9sidente : Magali Dupouy\u00a0\u00bb image_url=\u00a0\u00bbhttp:\/\/www.ville-eugenie-les-bains.fr\/elb\/wp-content\/uploads\/2017\/05\/AssociationParentEleve.jpg\u00a0\u00bb _builder_version=\u00a0\u00bb4.16&Prime; header_text_color=\u00a0\u00bb#0a17aa\u00a0\u00bb header_font_size=\u00a0\u00bb25&Prime; background_color=\u00a0\u00bbrgba(224,153,0,0.18)\u00a0\u00bb background_size=\u00a0\u00bbinitial\u00a0\u00bb background_position=\u00a0\u00bbtop_left\u00a0\u00bb background_repeat=\u00a0\u00bbrepeat\u00a0\u00bb border_style=\u00a0\u00bbsolid\u00a0\u00bb global_colors_info=\u00a0\u00bb{}\u00a0\u00bb]<\/p>\n<p>A pour mission de r\u00e9colter de l&rsquo;argent via des manifestations (repas, lotos, etc.) afin de financer des sorties, l&rsquo;achat de mat\u00e9riel et jeux, des go\u00fbters&#8230; pour les enfants de l&rsquo;\u00e9cole. Les parents qui souhaitent participer ou int\u00e9grer l&rsquo;association peuvent prendre contact.<\/p>\n<p>Contact responsable Magali Dupouy : ape.bbces40320@gmail.com \/ 06 84 23 11 75<\/p>\n<p>[\/et_pb_team_member][et_pb_team_member name=\u00a0\u00bbParoisse \u00ab Tursan Ste Marie \u00bb\u00a0\u00bb position=\u00a0\u00bbResponsable : P\u00e8re Jean-Paul Delord\u00a0\u00bb image_url=\u00a0\u00bbhttp:\/\/www.ville-eugenie-les-bains.fr\/elb\/wp-content\/uploads\/2017\/05\/Paroisse.jpg\u00a0\u00bb _builder_version=\u00a0\u00bb4.16&Prime; header_text_color=\u00a0\u00bb#0a17aa\u00a0\u00bb header_font_size=\u00a0\u00bb25&Prime; background_color=\u00a0\u00bbrgba(224,153,0,0.18)\u00a0\u00bb background_size=\u00a0\u00bbinitial\u00a0\u00bb background_position=\u00a0\u00bbtop_left\u00a0\u00bb background_repeat=\u00a0\u00bbrepeat\u00a0\u00bb border_style=\u00a0\u00bbsolid\u00a0\u00bb global_colors_info=\u00a0\u00bb{}\u00a0\u00bb]Eug\u00e9nie-les-Bains fait partie de la Paroisse \u00ab\u00a0Tursan Ste Marie\u00a0\u00bb, dont le pr\u00eatre, le P\u00e8re Jean-Paul Delord r\u00e9side \u00e0 Geaune. L\u2019\u00e9glise est ouverte, chaque jour de 9 \u00e0 18h. Deux messes par mois y sont c\u00e9l\u00e9br\u00e9es. Un panneau d\u2019information, situ\u00e9 \u00e0 l\u2019entr\u00e9e vous renseignera sur tous les offices dominicaux.<br \/>\n<a href=\"http:\/\/www.ville-eugenie-les-bains.fr\/elb\/eglise\/\">en savoir plus<\/a><\/p>\n<p>Contact responsable P\u00e8re Jean-Paul Delord : 05 58 52 45 62<br \/>\n[\/et_pb_team_member][et_pb_team_member name=\u00a0\u00bbSoci\u00e9t\u00e9 St Vincent de Paul et St Fran\u00e7ois d&rsquo;Assise\u00a0\u00bb position=\u00a0\u00bbPr\u00e9sident : Serge Lucmort\u00a0\u00bb _builder_version=\u00a0\u00bb4.27.4&Prime; header_text_color=\u00a0\u00bb#0a17aa\u00a0\u00bb header_font_size=\u00a0\u00bb25&Prime; background_color=\u00a0\u00bbrgba(224,153,0,0.08)\u00a0\u00bb background_size=\u00a0\u00bbinitial\u00a0\u00bb background_position=\u00a0\u00bbtop_left\u00a0\u00bb background_repeat=\u00a0\u00bbrepeat\u00a0\u00bb hover_enabled=\u00a0\u00bb0&Prime; border_style=\u00a0\u00bbsolid\u00a0\u00bb global_colors_info=\u00a0\u00bb{}\u00a0\u00bb disabled_on=\u00a0\u00bbon|on|on\u00a0\u00bb disabled=\u00a0\u00bbon\u00a0\u00bb sticky_enabled=\u00a0\u00bb0&Prime;]<\/p>\n<p>La Soci\u00e9t\u00e9 St Vincent de Paul et St Fran\u00e7ois d&rsquo;Assise regroupe <strong>170 habitants du village<\/strong>, elle a pour mission l&rsquo;aide morale et mat\u00e9rielle aupr\u00e9s des familles \u00e9prouv\u00e9es par un deuil.<\/p>\n<p>Contact pr\u00e9sident, Serge Lucmort : 05 58 51 19 26<\/p>\n<p>[\/et_pb_team_member][\/et_pb_column][\/et_pb_row][\/et_pb_section]<\/p>\n","protected":false},"excerpt":{"rendered":"<p>Les associations d&rsquo;Eug\u00e9nie-les-Bains 9 associations au service des Eug\u00e9nois mais aussi des curistes et des touristes dynamisent activement notre station thermale. En voici la liste. Bienvenue au c\u0153ur de l&rsquo;animation quotidienne \u00e0 Eug\u00e9nie-les-Bains. Association en charge de l &lsquo;animation de la station thermale, compos\u00e9e de b\u00e9n\u00e9voles actifs, pour la plupart commer\u00e7ants, h\u00e9bergeurs, restaurateurs, artisans, commer\u00e7ants, [&hellip;]<\/p>\n","protected":false},"author":1,"featured_media":0,"parent":0,"menu_order":0,"comment_status":"closed","ping_status":"closed","template":"","meta":{"_et_pb_use_builder":"on","_et_pb_old_content":"","_et_gb_content_width":"","footnotes":""},"class_list":["post-877","page","type-page","status-publish","hentry"],"yoast_head":"<!-- This site is optimized with the Yoast SEO plugin v27.3 - https:\/\/yoast.com\/product\/yoast-seo-wordpress\/ -->\n<title>Associations - Eug\u00e9nie-les-Bains village thermal<\/title>\n<meta name=\"robots\" content=\"index, follow, max-snippet:-1, max-image-preview:large, max-video-preview:-1\" \/>\n<link rel=\"canonical\" href=\"https:\/\/www.ville-eugenie-les-bains.fr\/elb\/association\/\" \/>\n<meta property=\"og:locale\" content=\"fr_FR\" \/>\n<meta property=\"og:type\" content=\"article\" \/>\n<meta property=\"og:title\" content=\"Associations - Eug\u00e9nie-les-Bains village thermal\" \/>\n<meta property=\"og:description\" content=\"Les associations d&#039;Eug\u00e9nie-les-Bains 9 associations au service des Eug\u00e9nois mais aussi des curistes et des touristes dynamisent activement notre station thermale. En voici la liste. Bienvenue au c\u0153ur de l&#039;animation quotidienne \u00e0 Eug\u00e9nie-les-Bains. Association en charge de l &#039;animation de la station thermale, compos\u00e9e de b\u00e9n\u00e9voles actifs, pour la plupart commer\u00e7ants, h\u00e9bergeurs, restaurateurs, artisans, commer\u00e7ants, [&hellip;]\" \/>\n<meta property=\"og:url\" content=\"https:\/\/www.ville-eugenie-les-bains.fr\/elb\/association\/\" \/>\n<meta property=\"og:site_name\" content=\"Eug\u00e9nie-les-Bains village thermal\" \/>\n<meta property=\"article:publisher\" content=\"https:\/\/www.facebook.com\/Eug%c3%a9nie-les-Bains-animations-106187096146451\/\" \/>\n<meta property=\"article:modified_time\" content=\"2025-03-20T11:00:33+00:00\" \/>\n<meta name=\"twitter:card\" content=\"summary_large_image\" \/>\n<meta name=\"twitter:site\" content=\"@EugenieLesBains\" \/>\n<meta name=\"twitter:label1\" content=\"Dur\u00e9e de lecture estim\u00e9e\" \/>\n\t<meta name=\"twitter:data1\" content=\"8 minutes\" \/>\n<script type=\"application\/ld+json\" class=\"yoast-schema-graph\">{\"@context\":\"https:\\\/\\\/schema.org\",\"@graph\":[{\"@type\":\"WebPage\",\"@id\":\"https:\\\/\\\/www.ville-eugenie-les-bains.fr\\\/elb\\\/association\\\/\",\"url\":\"https:\\\/\\\/www.ville-eugenie-les-bains.fr\\\/elb\\\/association\\\/\",\"name\":\"Associations - Eug\u00e9nie-les-Bains village thermal\",\"isPartOf\":{\"@id\":\"https:\\\/\\\/www.ville-eugenie-les-bains.fr\\\/elb\\\/#website\"},\"datePublished\":\"2017-05-04T14:42:33+00:00\",\"dateModified\":\"2025-03-20T11:00:33+00:00\",\"breadcrumb\":{\"@id\":\"https:\\\/\\\/www.ville-eugenie-les-bains.fr\\\/elb\\\/association\\\/#breadcrumb\"},\"inLanguage\":\"fr-FR\",\"potentialAction\":[{\"@type\":\"ReadAction\",\"target\":[\"https:\\\/\\\/www.ville-eugenie-les-bains.fr\\\/elb\\\/association\\\/\"]}]},{\"@type\":\"BreadcrumbList\",\"@id\":\"https:\\\/\\\/www.ville-eugenie-les-bains.fr\\\/elb\\\/association\\\/#breadcrumb\",\"itemListElement\":[{\"@type\":\"ListItem\",\"position\":1,\"name\":\"Accueil\",\"item\":\"https:\\\/\\\/www.ville-eugenie-les-bains.fr\\\/elb\\\/\"},{\"@type\":\"ListItem\",\"position\":2,\"name\":\"Associations\"}]},{\"@type\":\"WebSite\",\"@id\":\"https:\\\/\\\/www.ville-eugenie-les-bains.fr\\\/elb\\\/#website\",\"url\":\"https:\\\/\\\/www.ville-eugenie-les-bains.fr\\\/elb\\\/\",\"name\":\"Eug\u00e9nie-les-Bains village thermal\",\"description\":\"site officiel d&#039;Eug\u00e9nie-les-Bains\",\"potentialAction\":[{\"@type\":\"SearchAction\",\"target\":{\"@type\":\"EntryPoint\",\"urlTemplate\":\"https:\\\/\\\/www.ville-eugenie-les-bains.fr\\\/elb\\\/?s={search_term_string}\"},\"query-input\":{\"@type\":\"PropertyValueSpecification\",\"valueRequired\":true,\"valueName\":\"search_term_string\"}}],\"inLanguage\":\"fr-FR\"}]}<\/script>\n<!-- \/ Yoast SEO plugin. -->","yoast_head_json":{"title":"Associations - Eug\u00e9nie-les-Bains village thermal","robots":{"index":"index","follow":"follow","max-snippet":"max-snippet:-1","max-image-preview":"max-image-preview:large","max-video-preview":"max-video-preview:-1"},"canonical":"https:\/\/www.ville-eugenie-les-bains.fr\/elb\/association\/","og_locale":"fr_FR","og_type":"article","og_title":"Associations - Eug\u00e9nie-les-Bains village thermal","og_description":"Les associations d'Eug\u00e9nie-les-Bains 9 associations au service des Eug\u00e9nois mais aussi des curistes et des touristes dynamisent activement notre station thermale. En voici la liste. Bienvenue au c\u0153ur de l'animation quotidienne \u00e0 Eug\u00e9nie-les-Bains. Association en charge de l 'animation de la station thermale, compos\u00e9e de b\u00e9n\u00e9voles actifs, pour la plupart commer\u00e7ants, h\u00e9bergeurs, restaurateurs, artisans, commer\u00e7ants, [&hellip;]","og_url":"https:\/\/www.ville-eugenie-les-bains.fr\/elb\/association\/","og_site_name":"Eug\u00e9nie-les-Bains village thermal","article_publisher":"https:\/\/www.facebook.com\/Eug%c3%a9nie-les-Bains-animations-106187096146451\/","article_modified_time":"2025-03-20T11:00:33+00:00","twitter_card":"summary_large_image","twitter_site":"@EugenieLesBains","twitter_misc":{"Dur\u00e9e de lecture estim\u00e9e":"8 minutes"},"schema":{"@context":"https:\/\/schema.org","@graph":[{"@type":"WebPage","@id":"https:\/\/www.ville-eugenie-les-bains.fr\/elb\/association\/","url":"https:\/\/www.ville-eugenie-les-bains.fr\/elb\/association\/","name":"Associations - Eug\u00e9nie-les-Bains village thermal","isPartOf":{"@id":"https:\/\/www.ville-eugenie-les-bains.fr\/elb\/#website"},"datePublished":"2017-05-04T14:42:33+00:00","dateModified":"2025-03-20T11:00:33+00:00","breadcrumb":{"@id":"https:\/\/www.ville-eugenie-les-bains.fr\/elb\/association\/#breadcrumb"},"inLanguage":"fr-FR","potentialAction":[{"@type":"ReadAction","target":["https:\/\/www.ville-eugenie-les-bains.fr\/elb\/association\/"]}]},{"@type":"BreadcrumbList","@id":"https:\/\/www.ville-eugenie-les-bains.fr\/elb\/association\/#breadcrumb","itemListElement":[{"@type":"ListItem","position":1,"name":"Accueil","item":"https:\/\/www.ville-eugenie-les-bains.fr\/elb\/"},{"@type":"ListItem","position":2,"name":"Associations"}]},{"@type":"WebSite","@id":"https:\/\/www.ville-eugenie-les-bains.fr\/elb\/#website","url":"https:\/\/www.ville-eugenie-les-bains.fr\/elb\/","name":"Eug\u00e9nie-les-Bains village thermal","description":"site officiel d&#039;Eug\u00e9nie-les-Bains","potentialAction":[{"@type":"SearchAction","target":{"@type":"EntryPoint","urlTemplate":"https:\/\/www.ville-eugenie-les-bains.fr\/elb\/?s={search_term_string}"},"query-input":{"@type":"PropertyValueSpecification","valueRequired":true,"valueName":"search_term_string"}}],"inLanguage":"fr-FR"}]}},"jetpack_shortlink":"https:\/\/wp.me\/P8CeHm-e9","jetpack-related-posts":[{"id":747,"url":"https:\/\/www.ville-eugenie-les-bains.fr\/elb\/salle-animation-eugenielesbains\/","url_meta":{"origin":877,"position":0},"title":"Salle d&rsquo;animation","author":"ELBdigital","date":"3 mai 2017","format":false,"excerpt":"","rel":"","context":"Article similaire","block_context":{"text":"Article similaire","link":""},"img":{"alt_text":"","src":"","width":0,"height":0},"classes":[]},{"id":1251,"url":"https:\/\/www.ville-eugenie-les-bains.fr\/elb\/cimetiere\/","url_meta":{"origin":877,"position":1},"title":"Le cimeti\u00e8re","author":"ELBdigital","date":"24 mai 2017","format":false,"excerpt":"","rel":"","context":"Article similaire","block_context":{"text":"Article similaire","link":""},"img":{"alt_text":"","src":"","width":0,"height":0},"classes":[]},{"id":4647,"url":"https:\/\/www.ville-eugenie-les-bains.fr\/elb\/comptes-rendus-du-conseil-municipal\/","url_meta":{"origin":877,"position":2},"title":"Comptes-rendus du conseil municipal","author":"ELBdigital","date":"12 juillet 2022","format":false,"excerpt":"","rel":"","context":"Article similaire","block_context":{"text":"Article similaire","link":""},"img":{"alt_text":"","src":"","width":0,"height":0},"classes":[]},{"id":1830,"url":"https:\/\/www.ville-eugenie-les-bains.fr\/elb\/location-hotel-camping\/","url_meta":{"origin":877,"position":3},"title":"H\u00e9bergements","author":"ELBdigital","date":"14 juin 2017","format":false,"excerpt":"","rel":"","context":"Article similaire","block_context":{"text":"Article similaire","link":""},"img":{"alt_text":"","src":"","width":0,"height":0},"classes":[]},{"id":1006,"url":"https:\/\/www.ville-eugenie-les-bains.fr\/elb\/ecole-eugenielesbains\/","url_meta":{"origin":877,"position":4},"title":"Ecole","author":"ELBdigital","date":"12 mai 2017","format":false,"excerpt":"","rel":"","context":"Article similaire","block_context":{"text":"Article similaire","link":""},"img":{"alt_text":"","src":"","width":0,"height":0},"classes":[]},{"id":531,"url":"https:\/\/www.ville-eugenie-les-bains.fr\/elb\/mairie\/","url_meta":{"origin":877,"position":5},"title":"La Mairie","author":"ELBdigital","date":"20 avril 2017","format":false,"excerpt":"","rel":"","context":"Article similaire","block_context":{"text":"Article similaire","link":""},"img":{"alt_text":"","src":"","width":0,"height":0},"classes":[]}],"jetpack_sharing_enabled":true,"_links":{"self":[{"href":"https:\/\/www.ville-eugenie-les-bains.fr\/elb\/wp-json\/wp\/v2\/pages\/877","targetHints":{"allow":["GET"]}}],"collection":[{"href":"https:\/\/www.ville-eugenie-les-bains.fr\/elb\/wp-json\/wp\/v2\/pages"}],"about":[{"href":"https:\/\/www.ville-eugenie-les-bains.fr\/elb\/wp-json\/wp\/v2\/types\/page"}],"author":[{"embeddable":true,"href":"https:\/\/www.ville-eugenie-les-bains.fr\/elb\/wp-json\/wp\/v2\/users\/1"}],"replies":[{"embeddable":true,"href":"https:\/\/www.ville-eugenie-les-bains.fr\/elb\/wp-json\/wp\/v2\/comments?post=877"}],"version-history":[{"count":93,"href":"https:\/\/www.ville-eugenie-les-bains.fr\/elb\/wp-json\/wp\/v2\/pages\/877\/revisions"}],"predecessor-version":[{"id":5128,"href":"https:\/\/www.ville-eugenie-les-bains.fr\/elb\/wp-json\/wp\/v2\/pages\/877\/revisions\/5128"}],"wp:attachment":[{"href":"https:\/\/www.ville-eugenie-les-bains.fr\/elb\/wp-json\/wp\/v2\/media?parent=877"}],"curies":[{"name":"wp","href":"https:\/\/api.w.org\/{rel}","templated":true}]}}